{"id":201,"date":"2023-08-10T00:15:29","date_gmt":"2023-08-10T00:15:29","guid":{"rendered":"https:\/\/camarasdelfuerte.com\/?page_id=201"},"modified":"2024-04-19T04:31:42","modified_gmt":"2024-04-19T04:31:42","slug":"residencial","status":"publish","type":"page","link":"https:\/\/camarasdelfuerte.com\/index.php\/residencial\/","title":{"rendered":"Residencial"},"content":{"rendered":"\t\t<div data-elementor-type=\"wp-page\" data-elementor-id=\"201\" class=\"elementor elementor-201\">\n\t\t\t\t\t\t\t\t\t<section class=\"elementor-section elementor-top-section elementor-element elementor-element-4649273e elementor-section-boxed elementor-section-height-default elementor-section-height-default\" data-id=\"4649273e\" data-element_type=\"section\" data-settings=\"{&quot;background_background&quot;:&quot;classic&quot;}\">\n\t\t\t\t\t\t<div class=\"elementor-container elementor-column-gap-default\">\n\t\t\t\t\t<div class=\"elementor-column elementor-col-100 elementor-top-column elementor-element elementor-element-45e02cc9\" data-id=\"45e02cc9\" data-element_type=\"column\">\n\t\t\t<div class=\"elementor-widget-wrap elementor-element-populated\">\n\t\t\t\t\t\t\t\t<div class=\"elementor-element elementor-element-51df7021 elementor-widget elementor-widget-text-editor\" data-id=\"51df7021\" data-element_type=\"widget\" data-widget_type=\"text-editor.default\">\n\t\t\t\t<div class=\"elementor-widget-container\">\n\t\t\t<style>\/*! elementor - v3.15.0 - 02-08-2023 *\/\n.elementor-widget-text-editor.elementor-drop-cap-view-stacked .elementor-drop-cap{background-color:#69727d;color:#fff}.elementor-widget-text-editor.elementor-drop-cap-view-framed .elementor-drop-cap{color:#69727d;border:3px solid;background-color:transparent}.elementor-widget-text-editor:not(.elementor-drop-cap-view-default) .elementor-drop-cap{margin-top:8px}.elementor-widget-text-editor:not(.elementor-drop-cap-view-default) .elementor-drop-cap-letter{width:1em;height:1em}.elementor-widget-text-editor .elementor-drop-cap{float:left;text-align:center;line-height:1;font-size:50px}.elementor-widget-text-editor .elementor-drop-cap-letter{display:inline-block}<\/style>\t\t\t\t<p>CLICK EN LOS BOTONES<\/p>\t\t\t\t\t\t<\/div>\n\t\t\t\t<\/div>\n\t\t\t\t<div class=\"elementor-element elementor-element-7056844f elementor-align-center elementor-widget elementor-widget-button\" data-id=\"7056844f\" data-element_type=\"widget\" data-widget_type=\"button.default\">\n\t\t\t\t<div class=\"elementor-widget-container\">\n\t\t\t\t\t<div class=\"elementor-button-wrapper\">\n\t\t\t<a class=\"elementor-button elementor-button-link elementor-size-xl\" href=\"https:\/\/wa.me\/3327011341\">\n\t\t\t\t\t\t<span class=\"elementor-button-content-wrapper\">\n\t\t\t\t\t\t<span class=\"elementor-button-text\">whatsapp 3327011341<\/span>\n\t\t<\/span>\n\t\t\t\t\t<\/a>\n\t\t<\/div>\n\t\t\t\t<\/div>\n\t\t\t\t<\/div>\n\t\t\t\t<div class=\"elementor-element elementor-element-44232da4 elementor-align-center elementor-widget elementor-widget-button\" data-id=\"44232da4\" data-element_type=\"widget\" data-widget_type=\"button.default\">\n\t\t\t\t<div class=\"elementor-widget-container\">\n\t\t\t\t\t<div class=\"elementor-button-wrapper\">\n\t\t\t<a class=\"elementor-button elementor-button-link elementor-size-sm\" href=\"https:\/\/camarasdelfuerte.com\/\">\n\t\t\t\t\t\t<span class=\"elementor-button-content-wrapper\">\n\t\t\t\t\t\t<span class=\"elementor-button-text\">INICIO<\/span>\n\t\t<\/span>\n\t\t\t\t\t<\/a>\n\t\t<\/div>\n\t\t\t\t<\/div>\n\t\t\t\t<\/div>\n\t\t\t\t<div class=\"elementor-element elementor-element-36219d82 elementor-align-center elementor-widget elementor-widget-button\" data-id=\"36219d82\" data-element_type=\"widget\" data-widget_type=\"button.default\">\n\t\t\t\t<div class=\"elementor-widget-container\">\n\t\t\t\t\t<div class=\"elementor-button-wrapper\">\n\t\t\t<a class=\"elementor-button elementor-button-link elementor-size-sm\" href=\"https:\/\/camarasdelfuerte.com\/index.php\/industrial\/\">\n\t\t\t\t\t\t<span class=\"elementor-button-content-wrapper\">\n\t\t\t\t\t\t<span class=\"elementor-button-text\">INDUSTRIAL<\/span>\n\t\t<\/span>\n\t\t\t\t\t<\/a>\n\t\t<\/div>\n\t\t\t\t<\/div>\n\t\t\t\t<\/div>\n\t\t\t\t<div class=\"elementor-element elementor-element-44860e3c elementor-align-center elementor-widget elementor-widget-button\" data-id=\"44860e3c\" data-element_type=\"widget\" data-widget_type=\"button.default\">\n\t\t\t\t<div class=\"elementor-widget-container\">\n\t\t\t\t\t<div class=\"elementor-button-wrapper\">\n\t\t\t<a class=\"elementor-button elementor-button-link elementor-size-sm\" href=\"https:\/\/camarasdelfuerte.com\/index.php\/residencial\/\">\n\t\t\t\t\t\t<span class=\"elementor-button-content-wrapper\">\n\t\t\t\t\t\t<span class=\"elementor-button-text\">RESIDENCIAL<\/span>\n\t\t<\/span>\n\t\t\t\t\t<\/a>\n\t\t<\/div>\n\t\t\t\t<\/div>\n\t\t\t\t<\/div>\n\t\t\t\t<div class=\"elementor-element elementor-element-1601744b elementor-align-center elementor-widget elementor-widget-button\" data-id=\"1601744b\" data-element_type=\"widget\" data-widget_type=\"button.default\">\n\t\t\t\t<div class=\"elementor-widget-container\">\n\t\t\t\t\t<div class=\"elementor-button-wrapper\">\n\t\t\t<a class=\"elementor-button elementor-button-link elementor-size-sm\" href=\"https:\/\/camarasdelfuerte.com\/index.php\/contacto\/\">\n\t\t\t\t\t\t<span class=\"elementor-button-content-wrapper\">\n\t\t\t\t\t\t<span class=\"elementor-button-text\">CONTACTO<\/span>\n\t\t<\/span>\n\t\t\t\t\t<\/a>\n\t\t<\/div>\n\t\t\t\t<\/div>\n\t\t\t\t<\/div>\n\t\t\t\t<div class=\"elementor-element elementor-element-3a7d928e elementor-align-center elementor-widget elementor-widget-button\" data-id=\"3a7d928e\" data-element_type=\"widget\" data-widget_type=\"button.default\">\n\t\t\t\t<div class=\"elementor-widget-container\">\n\t\t\t\t\t<div class=\"elementor-button-wrapper\">\n\t\t\t<a class=\"elementor-button elementor-button-link elementor-size-sm\" href=\"https:\/\/camarasdelfuerte.com\/index.php\/instalacion-de-tv\/\">\n\t\t\t\t\t\t<span class=\"elementor-button-content-wrapper\">\n\t\t\t\t\t\t<span class=\"elementor-button-text\">INSTALACI\u00d3N DE TV<\/span>\n\t\t<\/span>\n\t\t\t\t\t<\/a>\n\t\t<\/div>\n\t\t\t\t<\/div>\n\t\t\t\t<\/div>\n\t\t\t\t\t<\/div>\n\t\t<\/div>\n\t\t\t\t\t\t\t<\/div>\n\t\t<\/section>\n\t\t\t\t<section class=\"elementor-section elementor-top-section elementor-element elementor-element-4e7e0448 elementor-section-content-middle elementor-section-boxed elementor-section-height-default elementor-section-height-default\" data-id=\"4e7e0448\" data-element_type=\"section\" data-settings=\"{&quot;background_background&quot;:&quot;classic&quot;}\">\n\t\t\t\t\t\t<div class=\"elementor-container elementor-column-gap-no\">\n\t\t\t\t\t<div class=\"elementor-column elementor-col-100 elementor-top-column elementor-element elementor-element-47f220c4\" data-id=\"47f220c4\" data-element_type=\"column\">\n\t\t\t<div class=\"elementor-widget-wrap elementor-element-populated\">\n\t\t\t\t\t\t\t\t<div class=\"elementor-element elementor-element-6156d82b elementor-widget elementor-widget-heading\" data-id=\"6156d82b\" data-element_type=\"widget\" data-widget_type=\"heading.default\">\n\t\t\t\t<div class=\"elementor-widget-container\">\n\t\t\t<style>\/*! elementor - v3.15.0 - 02-08-2023 *\/\n.elementor-heading-title{padding:0;margin:0;line-height:1}.elementor-widget-heading .elementor-heading-title[class*=elementor-size-]>a{color:inherit;font-size:inherit;line-height:inherit}.elementor-widget-heading .elementor-heading-title.elementor-size-small{font-size:15px}.elementor-widget-heading .elementor-heading-title.elementor-size-medium{font-size:19px}.elementor-widget-heading .elementor-heading-title.elementor-size-large{font-size:29px}.elementor-widget-heading .elementor-heading-title.elementor-size-xl{font-size:39px}.elementor-widget-heading .elementor-heading-title.elementor-size-xxl{font-size:59px}<\/style><h3 class=\"elementor-heading-title elementor-size-default\"><p>Instalaciones Residenciales<span style=\"font-family: var( --e-global-typography-primary-font-family ), Sans-serif; font-style: inherit; text-decoration-line: initial;\"><\/span><\/p><\/h3>\t\t<\/div>\n\t\t\t\t<\/div>\n\t\t\t\t<div class=\"elementor-element elementor-element-eaf06ca elementor-widget elementor-widget-text-editor\" data-id=\"eaf06ca\" data-element_type=\"widget\" data-widget_type=\"text-editor.default\">\n\t\t\t\t<div class=\"elementor-widget-container\">\n\t\t\t\t\t\t\t<p>Son aquellas instalaciones donde se requiere una est\u00e9tica de 10 y que se preste a las necesidades del cliente.<\/p>\n<p>Casa habitaci\u00f3n<\/p>\n<p>Tiendas<\/p>\n<p>Negocios<\/p>\t\t\t\t\t\t<\/div>\n\t\t\t\t<\/div>\n\t\t\t\t\t<\/div>\n\t\t<\/div>\n\t\t\t\t\t\t\t<\/div>\n\t\t<\/section>\n\t\t\t\t<section class=\"elementor-section elementor-top-section elementor-element elementor-element-1625ba2 elementor-section-boxed elementor-section-height-default elementor-section-height-default\" data-id=\"1625ba2\" data-element_type=\"section\" data-settings=\"{&quot;background_background&quot;:&quot;classic&quot;}\">\n\t\t\t\t\t\t<div class=\"elementor-container elementor-column-gap-default\">\n\t\t\t\t\t<div class=\"elementor-column elementor-col-100 elementor-top-column elementor-element elementor-element-3c3a069\" data-id=\"3c3a069\" data-element_type=\"column\">\n\t\t\t<div class=\"elementor-widget-wrap elementor-element-populated\">\n\t\t\t\t\t\t\t\t<div class=\"elementor-element elementor-element-992798b elementor-widget elementor-widget-text-editor\" data-id=\"992798b\" data-element_type=\"widget\" data-widget_type=\"text-editor.default\">\n\t\t\t\t<div class=\"elementor-widget-container\">\n\t\t\t\t\t\t\t<p>3 a\u00f1os de garant\u00eda en instalaciones nuevas<\/p>\t\t\t\t\t\t<\/div>\n\t\t\t\t<\/div>\n\t\t\t\t\t<\/div>\n\t\t<\/div>\n\t\t\t\t\t\t\t<\/div>\n\t\t<\/section>\n\t\t\t\t<section class=\"elementor-section elementor-top-section elementor-element elementor-element-568aabd elementor-section-boxed elementor-section-height-default elementor-section-height-default\" data-id=\"568aabd\" data-element_type=\"section\" data-settings=\"{&quot;background_background&quot;:&quot;classic&quot;}\">\n\t\t\t\t\t\t<div class=\"elementor-container elementor-column-gap-default\">\n\t\t\t\t\t<div class=\"elementor-column elementor-col-100 elementor-top-column elementor-element elementor-element-21196c5\" data-id=\"21196c5\" data-element_type=\"column\">\n\t\t\t<div class=\"elementor-widget-wrap elementor-element-populated\">\n\t\t\t\t\t\t\t\t<div class=\"elementor-element elementor-element-75effb1 elementor-widget elementor-widget-image\" data-id=\"75effb1\" data-element_type=\"widget\" data-widget_type=\"image.default\">\n\t\t\t\t<div class=\"elementor-widget-container\">\n\t\t\t<style>\/*! elementor - v3.15.0 - 02-08-2023 *\/\n.elementor-widget-image{text-align:center}.elementor-widget-image a{display:inline-block}.elementor-widget-image a img[src$=\".svg\"]{width:48px}.elementor-widget-image img{vertical-align:middle;display:inline-block}<\/style>\t\t\t\t\t\t\t\t\t\t\t\t<img decoding=\"async\" width=\"1024\" height=\"529\" src=\"https:\/\/camarasdelfuerte.com\/wp-content\/uploads\/2023\/08\/imagen2-1-1024x529.png\" class=\"attachment-large size-large wp-image-208\" alt=\"\" loading=\"lazy\" srcset=\"https:\/\/camarasdelfuerte.com\/wp-content\/uploads\/2023\/08\/imagen2-1-1024x529.png 1024w, https:\/\/camarasdelfuerte.com\/wp-content\/uploads\/2023\/08\/imagen2-1-300x155.png 300w, https:\/\/camarasdelfuerte.com\/wp-content\/uploads\/2023\/08\/imagen2-1-768x397.png 768w, https:\/\/camarasdelfuerte.com\/wp-content\/uploads\/2023\/08\/imagen2-1-1320x682.png 1320w, https:\/\/camarasdelfuerte.com\/wp-content\/uploads\/2023\/08\/imagen2-1-600x310.png 600w, https:\/\/camarasdelfuerte.com\/wp-content\/uploads\/2023\/08\/imagen2-1.png 1398w\" sizes=\"(max-width: 1024px) 100vw, 1024px\" \/>\t\t\t\t\t\t\t\t\t\t\t\t\t\t\t<\/div>\n\t\t\t\t<\/div>\n\t\t\t\t<div class=\"elementor-element elementor-element-9d6edc2 elementor-widget elementor-widget-image\" data-id=\"9d6edc2\" data-element_type=\"widget\" data-widget_type=\"image.default\">\n\t\t\t\t<div class=\"elementor-widget-container\">\n\t\t\t\t\t\t\t\t\t\t\t\t\t\t\t<img decoding=\"async\" width=\"1024\" height=\"663\" src=\"https:\/\/camarasdelfuerte.com\/wp-content\/uploads\/2023\/08\/camaras-de-seguridad-3-1024x663.png\" class=\"attachment-large size-large wp-image-161\" alt=\"\" loading=\"lazy\" srcset=\"https:\/\/camarasdelfuerte.com\/wp-content\/uploads\/2023\/08\/camaras-de-seguridad-3-1024x663.png 1024w, https:\/\/camarasdelfuerte.com\/wp-content\/uploads\/2023\/08\/camaras-de-seguridad-3-300x194.png 300w, https:\/\/camarasdelfuerte.com\/wp-content\/uploads\/2023\/08\/camaras-de-seguridad-3-768x497.png 768w, https:\/\/camarasdelfuerte.com\/wp-content\/uploads\/2023\/08\/camaras-de-seguridad-3-1536x994.png 1536w, https:\/\/camarasdelfuerte.com\/wp-content\/uploads\/2023\/08\/camaras-de-seguridad-3-1320x854.png 1320w, https:\/\/camarasdelfuerte.com\/wp-content\/uploads\/2023\/08\/camaras-de-seguridad-3-600x388.png 600w, https:\/\/camarasdelfuerte.com\/wp-content\/uploads\/2023\/08\/camaras-de-seguridad-3.png 2000w\" sizes=\"(max-width: 1024px) 100vw, 1024px\" \/>\t\t\t\t\t\t\t\t\t\t\t\t\t\t\t<\/div>\n\t\t\t\t<\/div>\n\t\t\t\t<div class=\"elementor-element elementor-element-4a1c04f elementor-widget elementor-widget-image\" data-id=\"4a1c04f\" data-element_type=\"widget\" data-widget_type=\"image.default\">\n\t\t\t\t<div class=\"elementor-widget-container\">\n\t\t\t\t\t\t\t\t\t\t\t\t\t\t\t<img decoding=\"async\" width=\"460\" height=\"345\" src=\"https:\/\/camarasdelfuerte.com\/wp-content\/uploads\/2023\/08\/v4-460px-Install-a-Security-Camera-System-for-a-House-Step-1-Version-4.jpg.webp\" class=\"attachment-large size-large wp-image-213\" alt=\"\" loading=\"lazy\" srcset=\"https:\/\/camarasdelfuerte.com\/wp-content\/uploads\/2023\/08\/v4-460px-Install-a-Security-Camera-System-for-a-House-Step-1-Version-4.jpg.webp 460w, https:\/\/camarasdelfuerte.com\/wp-content\/uploads\/2023\/08\/v4-460px-Install-a-Security-Camera-System-for-a-House-Step-1-Version-4.jpg-300x225.webp 300w\" sizes=\"(max-width: 460px) 100vw, 460px\" \/>\t\t\t\t\t\t\t\t\t\t\t\t\t\t\t<\/div>\n\t\t\t\t<\/div>\n\t\t\t\t<div class=\"elementor-element elementor-element-40443bf elementor-widget elementor-widget-image\" data-id=\"40443bf\" data-element_type=\"widget\" data-widget_type=\"image.default\">\n\t\t\t\t<div class=\"elementor-widget-container\">\n\t\t\t\t\t\t\t\t\t\t\t\t\t\t\t<img decoding=\"async\" width=\"322\" height=\"157\" src=\"https:\/\/camarasdelfuerte.com\/wp-content\/uploads\/2023\/08\/descarga-1.jpeg\" class=\"attachment-large size-large wp-image-212\" alt=\"\" loading=\"lazy\" srcset=\"https:\/\/camarasdelfuerte.com\/wp-content\/uploads\/2023\/08\/descarga-1.jpeg 322w, https:\/\/camarasdelfuerte.com\/wp-content\/uploads\/2023\/08\/descarga-1-300x146.jpeg 300w\" sizes=\"(max-width: 322px) 100vw, 322px\" \/>\t\t\t\t\t\t\t\t\t\t\t\t\t\t\t<\/div>\n\t\t\t\t<\/div>\n\t\t\t\t<div class=\"elementor-element elementor-element-ed2de17 elementor-widget elementor-widget-image\" data-id=\"ed2de17\" data-element_type=\"widget\" data-widget_type=\"image.default\">\n\t\t\t\t<div class=\"elementor-widget-container\">\n\t\t\t\t\t\t\t\t\t\t\t\t\t\t\t<img decoding=\"async\" width=\"600\" height=\"600\" src=\"https:\/\/camarasdelfuerte.com\/wp-content\/uploads\/2023\/08\/kit-camaras-dahua.jpg\" class=\"attachment-large size-large wp-image-139\" alt=\"\" loading=\"lazy\" srcset=\"https:\/\/camarasdelfuerte.com\/wp-content\/uploads\/2023\/08\/kit-camaras-dahua.jpg 600w, https:\/\/camarasdelfuerte.com\/wp-content\/uploads\/2023\/08\/kit-camaras-dahua-300x300.jpg 300w, https:\/\/camarasdelfuerte.com\/wp-content\/uploads\/2023\/08\/kit-camaras-dahua-150x150.jpg 150w, https:\/\/camarasdelfuerte.com\/wp-content\/uploads\/2023\/08\/kit-camaras-dahua-100x100.jpg 100w\" sizes=\"(max-width: 600px) 100vw, 600px\" \/>\t\t\t\t\t\t\t\t\t\t\t\t\t\t\t<\/div>\n\t\t\t\t<\/div>\n\t\t\t\t\t<\/div>\n\t\t<\/div>\n\t\t\t\t\t\t\t<\/div>\n\t\t<\/section>\n\t\t\t\t<section class=\"elementor-section elementor-top-section elementor-element elementor-element-43dc294f elementor-section-boxed elementor-section-height-default elementor-section-height-default\" data-id=\"43dc294f\" data-element_type=\"section\" data-settings=\"{&quot;background_background&quot;:&quot;classic&quot;}\">\n\t\t\t\t\t\t<div class=\"elementor-container elementor-column-gap-default\">\n\t\t\t\t\t<div class=\"elementor-column elementor-col-100 elementor-top-column elementor-element elementor-element-1fa6d3c0\" data-id=\"1fa6d3c0\" data-element_type=\"column\">\n\t\t\t<div class=\"elementor-widget-wrap elementor-element-populated\">\n\t\t\t\t\t\t\t\t<div class=\"elementor-element elementor-element-5a5bd415 elementor-widget elementor-widget-text-editor\" data-id=\"5a5bd415\" data-element_type=\"widget\" data-widget_type=\"text-editor.default\">\n\t\t\t\t<div class=\"elementor-widget-container\">\n\t\t\t\t\t\t\t<p>CLICK EN LOS BOTONES<\/p>\t\t\t\t\t\t<\/div>\n\t\t\t\t<\/div>\n\t\t\t\t<div class=\"elementor-element elementor-element-21d28eaf elementor-align-center elementor-widget elementor-widget-button\" data-id=\"21d28eaf\" data-element_type=\"widget\" data-widget_type=\"button.default\">\n\t\t\t\t<div class=\"elementor-widget-container\">\n\t\t\t\t\t<div class=\"elementor-button-wrapper\">\n\t\t\t<a class=\"elementor-button elementor-button-link elementor-size-xl\" href=\"https:\/\/wa.me\/3327011341\">\n\t\t\t\t\t\t<span class=\"elementor-button-content-wrapper\">\n\t\t\t\t\t\t<span class=\"elementor-button-text\">whatsapp 3327011341<\/span>\n\t\t<\/span>\n\t\t\t\t\t<\/a>\n\t\t<\/div>\n\t\t\t\t<\/div>\n\t\t\t\t<\/div>\n\t\t\t\t<div class=\"elementor-element elementor-element-14e0ff95 elementor-align-center elementor-widget elementor-widget-button\" data-id=\"14e0ff95\" data-element_type=\"widget\" data-widget_type=\"button.default\">\n\t\t\t\t<div class=\"elementor-widget-container\">\n\t\t\t\t\t<div class=\"elementor-button-wrapper\">\n\t\t\t<a class=\"elementor-button elementor-button-link elementor-size-sm\" href=\"https:\/\/camarasdelfuerte.com\/\">\n\t\t\t\t\t\t<span class=\"elementor-button-content-wrapper\">\n\t\t\t\t\t\t<span class=\"elementor-button-text\">www.camarasdelfuerte.com<\/span>\n\t\t<\/span>\n\t\t\t\t\t<\/a>\n\t\t<\/div>\n\t\t\t\t<\/div>\n\t\t\t\t<\/div>\n\t\t\t\t<div class=\"elementor-element elementor-element-224d08bc elementor-align-center elementor-widget elementor-widget-button\" data-id=\"224d08bc\" data-element_type=\"widget\" data-widget_type=\"button.default\">\n\t\t\t\t<div class=\"elementor-widget-container\">\n\t\t\t\t\t<div class=\"elementor-button-wrapper\">\n\t\t\t<a class=\"elementor-button elementor-button-link elementor-size-sm\" href=\"https:\/\/puertasautomaticasdelfuerte.com\/\">\n\t\t\t\t\t\t<span class=\"elementor-button-content-wrapper\">\n\t\t\t\t\t\t<span class=\"elementor-button-text\">www.puertasautomaticasdelfuerte.com<\/span>\n\t\t<\/span>\n\t\t\t\t\t<\/a>\n\t\t<\/div>\n\t\t\t\t<\/div>\n\t\t\t\t<\/div>\n\t\t\t\t<div class=\"elementor-element elementor-element-328d7eaf elementor-align-center elementor-widget elementor-widget-button\" data-id=\"328d7eaf\" data-element_type=\"widget\" data-widget_type=\"button.default\">\n\t\t\t\t<div class=\"elementor-widget-container\">\n\t\t\t\t\t<div class=\"elementor-button-wrapper\">\n\t\t\t<a class=\"elementor-button elementor-button-link elementor-size-sm\" href=\"https:\/\/remodelacionesligerasdelfuerte.com\/\">\n\t\t\t\t\t\t<span class=\"elementor-button-content-wrapper\">\n\t\t\t\t\t\t<span class=\"elementor-button-text\">www.remodelacionesligerasdelfuerte.com<\/span>\n\t\t<\/span>\n\t\t\t\t\t<\/a>\n\t\t<\/div>\n\t\t\t\t<\/div>\n\t\t\t\t<\/div>\n\t\t\t\t<div class=\"elementor-element elementor-element-50b634e4 elementor-align-center elementor-widget elementor-widget-button\" data-id=\"50b634e4\" data-element_type=\"widget\" data-widget_type=\"button.default\">\n\t\t\t\t<div class=\"elementor-widget-container\">\n\t\t\t\t\t<div class=\"elementor-button-wrapper\">\n\t\t\t<a class=\"elementor-button elementor-button-link elementor-size-sm\" href=\"https:\/\/cercaselectrificadasdelfuerte.com\/\">\n\t\t\t\t\t\t<span class=\"elementor-button-content-wrapper\">\n\t\t\t\t\t\t<span class=\"elementor-button-text\">www.cercaselectrificadasdelfuerte.com<\/span>\n\t\t<\/span>\n\t\t\t\t\t<\/a>\n\t\t<\/div>\n\t\t\t\t<\/div>\n\t\t\t\t<\/div>\n\t\t\t\t<div class=\"elementor-element elementor-element-6a879482 elementor-align-center elementor-widget elementor-widget-button\" data-id=\"6a879482\" data-element_type=\"widget\" data-widget_type=\"button.default\">\n\t\t\t\t<div class=\"elementor-widget-container\">\n\t\t\t\t\t<div class=\"elementor-button-wrapper\">\n\t\t\t<a class=\"elementor-button elementor-button-link elementor-size-sm\" href=\"https:\/\/pintoresdelfuerte.xyz\/\">\n\t\t\t\t\t\t<span class=\"elementor-button-content-wrapper\">\n\t\t\t\t\t\t<span class=\"elementor-button-text\">www.pintoresdelfuerte.xyz<\/span>\n\t\t<\/span>\n\t\t\t\t\t<\/a>\n\t\t<\/div>\n\t\t\t\t<\/div>\n\t\t\t\t<\/div>\n\t\t\t\t\t<\/div>\n\t\t<\/div>\n\t\t\t\t\t\t\t<\/div>\n\t\t<\/section>\n\t\t\t\t\t\t\t<\/div>\n\t\t","protected":false},"excerpt":{"rendered":"<p>CLICK EN LOS BOTONES whatsapp 3327011341 INICIO INDUSTRIAL RESIDENCIAL CONTACTO INSTALACI\u00d3N DE TV Instalaciones Residenciales Son aquellas instalaciones donde se requiere una est\u00e9tica de 10 y que se preste a las necesidades del cliente. Casa habitaci\u00f3n Tiendas Negocios 3 a\u00f1os de garant\u00eda en instalaciones nuevas CLICK EN LOS BOTONES whatsapp 3327011341 www.camarasdelfuerte.com www.puertasautomaticasdelfuerte.com www.remodelacionesligerasdelfuerte.com www.cercaselectrificadasdelfuerte.com &hellip;<\/p>\n<p class=\"read-more\"> <a class=\"\" href=\"https:\/\/camarasdelfuerte.com\/index.php\/residencial\/\"> <span class=\"screen-reader-text\">Residencial<\/span> Read More &raquo;<\/a><\/p>\n","protected":false},"author":1,"featured_media":0,"parent":0,"menu_order":0,"comment_status":"closed","ping_status":"closed","template":"","meta":{"om_disable_all_campaigns":false,"_monsterinsights_skip_tracking":false,"_monsterinsights_sitenote_active":false,"_monsterinsights_sitenote_note":"","_monsterinsights_sitenote_category":0,"site-sidebar-layout":"no-sidebar","site-content-layout":"page-builder","ast-global-header-display":"","ast-banner-title-visibility":"","ast-main-header-display":"","ast-hfb-above-header-display":"","ast-hfb-below-header-display":"","ast-hfb-mobile-header-display":"","site-post-title":"disabled","ast-breadcrumbs-content":"","ast-featured-img":"disabled","footer-sml-layout":"","theme-transparent-header-meta":"","adv-header-id-meta":"","stick-header-meta":"","header-above-stick-meta":"","header-main-stick-meta":"","header-below-stick-meta":""},"aioseo_notices":[],"_links":{"self":[{"href":"https:\/\/camarasdelfuerte.com\/index.php\/wp-json\/wp\/v2\/pages\/201"}],"collection":[{"href":"https:\/\/camarasdelfuerte.com\/index.php\/wp-json\/wp\/v2\/pages"}],"about":[{"href":"https:\/\/camarasdelfuerte.com\/index.php\/wp-json\/wp\/v2\/types\/page"}],"author":[{"embeddable":true,"href":"https:\/\/camarasdelfuerte.com\/index.php\/wp-json\/wp\/v2\/users\/1"}],"replies":[{"embeddable":true,"href":"https:\/\/camarasdelfuerte.com\/index.php\/wp-json\/wp\/v2\/comments?post=201"}],"version-history":[{"count":13,"href":"https:\/\/camarasdelfuerte.com\/index.php\/wp-json\/wp\/v2\/pages\/201\/revisions"}],"predecessor-version":[{"id":367,"href":"https:\/\/camarasdelfuerte.com\/index.php\/wp-json\/wp\/v2\/pages\/201\/revisions\/367"}],"wp:attachment":[{"href":"https:\/\/camarasdelfuerte.com\/index.php\/wp-json\/wp\/v2\/media?parent=201"}],"curies":[{"name":"wp","href":"https:\/\/api.w.org\/{rel}","templated":true}]}}